{"id":377,"date":"2026-01-26T19:40:37","date_gmt":"2026-01-26T19:40:37","guid":{"rendered":"https:\/\/www.paartly.com\/?page_id=377"},"modified":"2026-01-26T19:55:15","modified_gmt":"2026-01-26T19:55:15","slug":"yhteystiedot-2","status":"publish","type":"page","link":"https:\/\/www.paartly.com\/?page_id=377","title":{"rendered":"Yhteystiedot"},"content":{"rendered":"\t\t<div data-elementor-type=\"wp-page\" data-elementor-id=\"377\" class=\"elementor elementor-377\">\n\t\t\t\t<div class=\"elementor-element elementor-element-a025a97 e-flex e-con-boxed jltma-glass-effect-no e-con e-parent\" data-id=\"a025a97\" data-element_type=\"container\" data-e-type=\"container\">\n\t\t\t\t\t<div class=\"e-con-inner\">\n\t\t<div class=\"elementor-element elementor-element-d774104 e-con-full e-flex jltma-glass-effect-no e-con e-child\" data-id=\"d774104\" data-element_type=\"container\" data-e-type=\"container\">\n\t\t\t\t<div class=\"elementor-element elementor-element-6334f4c jltma-glass-effect-no elementor-widget elementor-widget-spacer\" data-id=\"6334f4c\" data-element_type=\"widget\" data-e-type=\"widget\" data-widget_type=\"spacer.default\">\n\t\t\t\t\t\t\t<div class=\"elementor-spacer\">\n\t\t\t<div class=\"elementor-spacer-inner\"><\/div>\n\t\t<\/div>\n\t\t\t\t\t\t<\/div>\n\t\t\t\t<div class=\"elementor-element elementor-element-d78b20d jltma-glass-effect-no elementor-widget elementor-widget-ma-dual-heading jltma-addon ma-dual-heading\" data-id=\"d78b20d\" data-element_type=\"widget\" data-e-type=\"widget\" data-widget_type=\"ma-dual-heading.default\">\n\t\t\t\t\t\n\t\t\n\t\t\t<div class=\"jltma-sec-head-container\">\n\t\t\t\t<div class=\"jltma-sec-head-style\">\n\t\t\t\t\t<h1 class=\"jltma-section-title\">\n\t\t\t\t\t\t<span>\n\t\t\t\t\t\t\tP(aart)LY\t\t\t\t\t\t<\/span><br>\n\n\t\t\t\t\t\t\n\t\t\t\t\t<\/h1><!-- \/.section-title -->\n\n\t\t\t\t\t<div class=\"jltma-section-description\">\n\t\t\t\t\t\t\t\t\t\t\t<\/div><!-- \/.section-description -->\n\t\t\t\t<\/div><!-- \/.sec-head-style -->\n\t\t\t<\/div><!-- \/.sec-head-container -->\n\n\t\t\n\t\t\t\t\t<\/div>\n\t\t\t\t<div class=\"elementor-element elementor-element-8e61032 elementor-widget-divider--view-line jltma-glass-effect-no elementor-widget elementor-widget-divider\" data-id=\"8e61032\" data-element_type=\"widget\" data-e-type=\"widget\" data-widget_type=\"divider.default\">\n\t\t\t\t\t\t\t<div class=\"elementor-divider\">\n\t\t\t<span class=\"elementor-divider-separator\">\n\t\t\t\t\t\t<\/span>\n\t\t<\/div>\n\t\t\t\t\t\t<\/div>\n\t\t\t\t<\/div>\n\t\t\t\t\t<\/div>\n\t\t\t\t<\/div>\n\t\t<div class=\"elementor-element elementor-element-a8c736e e-flex e-con-boxed jltma-glass-effect-no e-con e-parent\" data-id=\"a8c736e\" data-element_type=\"container\" data-e-type=\"container\">\n\t\t\t\t\t<div class=\"e-con-inner\">\n\t\t<div class=\"elementor-element elementor-element-3a1f6b2 e-con-full e-flex jltma-glass-effect-no e-con e-child\" data-id=\"3a1f6b2\" data-element_type=\"container\" data-e-type=\"container\">\n\t\t<div class=\"elementor-element elementor-element-15d31f1 e-con-full e-flex jltma-glass-effect-no e-con e-child\" data-id=\"15d31f1\" data-element_type=\"container\" data-e-type=\"container\">\n\t\t\t\t<div class=\"elementor-element elementor-element-30c2a3e jltma-glass-effect-no elementor-widget elementor-widget-ma-creative-links jltma-addon ma-creative-links\" data-id=\"30c2a3e\" data-element_type=\"widget\" data-e-type=\"widget\" data-widget_type=\"ma-creative-links.default\">\n\t\t\t\t\t\n\t\t<div class=\"jltma-creative-links jltma-cl-effect-15\" id=\"ma-creative-link-30c2a3e\">\n\t\t\t<div class=\"jltma-creative-link\">\n\t\t\t\t<a class=\"jltma-creative-link-item\" href=\"https:\/\/www.paartly.com\/?page_id=281\" data-hover=\"portfolio\">\n\t\t\t\t\t<span class=\"jltma-creative-link-text\">portfolio<\/span>\t\t\t\t<\/a>\n\t\t\t<\/div>\n\t\t<\/div>\n\n\t\t\t\t\t\t<\/div>\n\t\t\t\t<\/div>\n\t\t<div class=\"elementor-element elementor-element-59bbff9 e-con-full e-flex jltma-glass-effect-no e-con e-child\" data-id=\"59bbff9\" data-element_type=\"container\" data-e-type=\"container\">\n\t\t\t\t<div class=\"elementor-element elementor-element-50f3950 jltma-glass-effect-no elementor-widget elementor-widget-ma-creative-links jltma-addon ma-creative-links\" data-id=\"50f3950\" data-element_type=\"widget\" data-e-type=\"widget\" data-widget_type=\"ma-creative-links.default\">\n\t\t\t\t\t\n\t\t<div class=\"jltma-creative-links jltma-cl-effect-15\" id=\"ma-creative-link-50f3950\">\n\t\t\t<div class=\"jltma-creative-link\">\n\t\t\t\t<a class=\"jltma-creative-link-item\" href=\"https:\/\/www.paartly.com\/\" data-hover=\"Kotisivu\">\n\t\t\t\t\t<span class=\"jltma-creative-link-text\">Kotisivu<\/span>\t\t\t\t<\/a>\n\t\t\t<\/div>\n\t\t<\/div>\n\n\t\t\t\t\t\t<\/div>\n\t\t\t\t<\/div>\n\t\t\t\t<\/div>\n\t\t\t\t\t<\/div>\n\t\t\t\t<\/div>\n\t\t<div class=\"elementor-element elementor-element-8aeec73 e-flex e-con-boxed jltma-glass-effect-no e-con e-parent\" data-id=\"8aeec73\" data-element_type=\"container\" data-e-type=\"container\">\n\t\t\t\t\t<div class=\"e-con-inner\">\n\t\t\t\t<div class=\"elementor-element elementor-element-4362226 jltma-glass-effect-no elementor-widget elementor-widget-text-editor\" data-id=\"4362226\" data-element_type=\"widget\" data-e-type=\"widget\" data-widget_type=\"text-editor.default\">\n\t\t\t\t\t\t\t\t\t<p>Kiinnostaako sinua varata valokuvaus sessio?&nbsp;<\/p>\n<p>Ota rohkeasti yhteytt\u00e4 n\u00e4iden kautta!:<\/p>\n<p>Instagram: p.aart.ly<\/p>\n<p>S\u00e4hk\u00f6posti: paartly@outlook.com<\/p>\t\t\t\t\t\t\t\t<\/div>\n\t\t\t\t\t<\/div>\n\t\t\t\t<\/div>\n\t\t\t\t<\/div>\n\t\t","protected":false},"excerpt":{"rendered":"<p>P(aart)LY portfolio Kotisivu Kiinnostaako sinua varata valokuvaus sessio?&nbsp; Ota rohkeasti yhteytt\u00e4 n\u00e4iden kautta!: Instagram: p.aart.ly S\u00e4hk\u00f6posti: paartly@outlook.com<\/p>\n","protected":false},"author":1,"featured_media":0,"parent":0,"menu_order":0,"comment_status":"closed","ping_status":"closed","template":"","meta":{"footnotes":""},"class_list":["post-377","page","type-page","status-publish","hentry"],"yoast_head":"<!-- This site is optimized with the Yoast SEO plugin v27.4 - https:\/\/yoast.com\/product\/yoast-seo-wordpress\/ -->\n<title>Yhteystiedot - P(aart)LY<\/title>\n<meta name=\"robots\" content=\"index, follow, max-snippet:-1, max-image-preview:large, max-video-preview:-1\" \/>\n<link rel=\"canonical\" href=\"https:\/\/www.paartly.com\/?page_id=377\" \/>\n<meta property=\"og:locale\" content=\"en_US\" \/>\n<meta property=\"og:type\" content=\"article\" \/>\n<meta property=\"og:title\" content=\"Yhteystiedot - P(aart)LY\" \/>\n<meta property=\"og:description\" content=\"P(aart)LY portfolio Kotisivu Kiinnostaako sinua varata valokuvaus sessio?&nbsp; Ota rohkeasti yhteytt\u00e4 n\u00e4iden kautta!: Instagram: p.aart.ly S\u00e4hk\u00f6posti: paartly@outlook.com\" \/>\n<meta property=\"og:url\" content=\"https:\/\/www.paartly.com\/?page_id=377\" \/>\n<meta property=\"og:site_name\" content=\"P(aart)LY\" \/>\n<meta property=\"article:modified_time\" content=\"2026-01-26T19:55:15+00:00\" \/>\n<meta name=\"twitter:card\" content=\"summary_large_image\" \/>\n<meta name=\"twitter:label1\" content=\"Est. reading time\" \/>\n\t<meta name=\"twitter:data1\" content=\"1 minute\" \/>\n<script type=\"application\/ld+json\" class=\"yoast-schema-graph\">{\"@context\":\"https:\\\/\\\/schema.org\",\"@graph\":[{\"@type\":\"WebPage\",\"@id\":\"https:\\\/\\\/www.paartly.com\\\/?page_id=377\",\"url\":\"https:\\\/\\\/www.paartly.com\\\/?page_id=377\",\"name\":\"Yhteystiedot - P(aart)LY\",\"isPartOf\":{\"@id\":\"https:\\\/\\\/www.paartly.com\\\/#website\"},\"datePublished\":\"2026-01-26T19:40:37+00:00\",\"dateModified\":\"2026-01-26T19:55:15+00:00\",\"breadcrumb\":{\"@id\":\"https:\\\/\\\/www.paartly.com\\\/?page_id=377#breadcrumb\"},\"inLanguage\":\"en\",\"potentialAction\":[{\"@type\":\"ReadAction\",\"target\":[\"https:\\\/\\\/www.paartly.com\\\/?page_id=377\"]}]},{\"@type\":\"BreadcrumbList\",\"@id\":\"https:\\\/\\\/www.paartly.com\\\/?page_id=377#breadcrumb\",\"itemListElement\":[{\"@type\":\"ListItem\",\"position\":1,\"name\":\"Home\",\"item\":\"http:\\\/\\\/www.paartly.com\\\/\"},{\"@type\":\"ListItem\",\"position\":2,\"name\":\"Yhteystiedot\"}]},{\"@type\":\"WebSite\",\"@id\":\"https:\\\/\\\/www.paartly.com\\\/#website\",\"url\":\"https:\\\/\\\/www.paartly.com\\\/\",\"name\":\"P(aart)LY\",\"description\":\"\",\"potentialAction\":[{\"@type\":\"SearchAction\",\"target\":{\"@type\":\"EntryPoint\",\"urlTemplate\":\"https:\\\/\\\/www.paartly.com\\\/?s={search_term_string}\"},\"query-input\":{\"@type\":\"PropertyValueSpecification\",\"valueRequired\":true,\"valueName\":\"search_term_string\"}}],\"inLanguage\":\"en\"}]}<\/script>\n<!-- \/ Yoast SEO plugin. -->","yoast_head_json":{"title":"Yhteystiedot - P(aart)LY","robots":{"index":"index","follow":"follow","max-snippet":"max-snippet:-1","max-image-preview":"max-image-preview:large","max-video-preview":"max-video-preview:-1"},"canonical":"https:\/\/www.paartly.com\/?page_id=377","og_locale":"en_US","og_type":"article","og_title":"Yhteystiedot - P(aart)LY","og_description":"P(aart)LY portfolio Kotisivu Kiinnostaako sinua varata valokuvaus sessio?&nbsp; Ota rohkeasti yhteytt\u00e4 n\u00e4iden kautta!: Instagram: p.aart.ly S\u00e4hk\u00f6posti: paartly@outlook.com","og_url":"https:\/\/www.paartly.com\/?page_id=377","og_site_name":"P(aart)LY","article_modified_time":"2026-01-26T19:55:15+00:00","twitter_card":"summary_large_image","twitter_misc":{"Est. reading time":"1 minute"},"schema":{"@context":"https:\/\/schema.org","@graph":[{"@type":"WebPage","@id":"https:\/\/www.paartly.com\/?page_id=377","url":"https:\/\/www.paartly.com\/?page_id=377","name":"Yhteystiedot - P(aart)LY","isPartOf":{"@id":"https:\/\/www.paartly.com\/#website"},"datePublished":"2026-01-26T19:40:37+00:00","dateModified":"2026-01-26T19:55:15+00:00","breadcrumb":{"@id":"https:\/\/www.paartly.com\/?page_id=377#breadcrumb"},"inLanguage":"en","potentialAction":[{"@type":"ReadAction","target":["https:\/\/www.paartly.com\/?page_id=377"]}]},{"@type":"BreadcrumbList","@id":"https:\/\/www.paartly.com\/?page_id=377#breadcrumb","itemListElement":[{"@type":"ListItem","position":1,"name":"Home","item":"http:\/\/www.paartly.com\/"},{"@type":"ListItem","position":2,"name":"Yhteystiedot"}]},{"@type":"WebSite","@id":"https:\/\/www.paartly.com\/#website","url":"https:\/\/www.paartly.com\/","name":"P(aart)LY","description":"","potentialAction":[{"@type":"SearchAction","target":{"@type":"EntryPoint","urlTemplate":"https:\/\/www.paartly.com\/?s={search_term_string}"},"query-input":{"@type":"PropertyValueSpecification","valueRequired":true,"valueName":"search_term_string"}}],"inLanguage":"en"}]}},"_links":{"self":[{"href":"https:\/\/www.paartly.com\/index.php?rest_route=\/wp\/v2\/pages\/377","targetHints":{"allow":["GET"]}}],"collection":[{"href":"https:\/\/www.paartly.com\/index.php?rest_route=\/wp\/v2\/pages"}],"about":[{"href":"https:\/\/www.paartly.com\/index.php?rest_route=\/wp\/v2\/types\/page"}],"author":[{"embeddable":true,"href":"https:\/\/www.paartly.com\/index.php?rest_route=\/wp\/v2\/users\/1"}],"replies":[{"embeddable":true,"href":"https:\/\/www.paartly.com\/index.php?rest_route=%2Fwp%2Fv2%2Fcomments&post=377"}],"version-history":[{"count":13,"href":"https:\/\/www.paartly.com\/index.php?rest_route=\/wp\/v2\/pages\/377\/revisions"}],"predecessor-version":[{"id":394,"href":"https:\/\/www.paartly.com\/index.php?rest_route=\/wp\/v2\/pages\/377\/revisions\/394"}],"wp:attachment":[{"href":"https:\/\/www.paartly.com\/index.php?rest_route=%2Fwp%2Fv2%2Fmedia&parent=377"}],"curies":[{"name":"wp","href":"https:\/\/api.w.org\/{rel}","templated":true}]}}